{"id":1336,"date":"2023-12-24T16:57:45","date_gmt":"2023-12-24T15:57:45","guid":{"rendered":"https:\/\/ctformidable.fr\/?page_id=1336"},"modified":"2023-12-24T17:05:07","modified_gmt":"2023-12-24T16:05:07","slug":"soutenez-le-ct-formidable-en-faisant-vos-courses-chez-carrefour","status":"publish","type":"page","link":"https:\/\/ctformidable.fr\/index.php\/soutenez-le-ct-formidable-en-faisant-vos-courses-chez-carrefour\/","title":{"rendered":"Soutenez le CT Formidable en faisant vos courses chez Carrefour"},"content":{"rendered":"\n<p>Bonjour, Carrefour lance un programme dont le CT formidable fait partie, si toutefois vous \u00eates clients, nous vous serions reconnaissants de nous aider, nous vous laissons la marche \u00e0 suivre ci-dessous, merci.<br>Il faut savoir que si vous nous validez, vous gagnerez 10% sur vos achats prime fid\u00e9lit\u00e9.<\/p>\n\n\n\n<pre class=\"wp-block-code\"><code>Dans un premier temps, vous devez avoir un compte sur ordinateur ou alors sur l'application Carrefour.fr, Si ce n'est pas le cas T\u00e9l\u00e9charger l'application sur Carrefour.fr , cr\u00e9er votre compte en y rattachant votre carte fid\u00e9lit\u00e9, au bout de quelques jours vous pouvez passer \u00e0 l'\u00e9tape suivante.\n\nLe d\u00e9lai entre la validation et la cr\u00e9ation est variable, alors n'h\u00e9sitez pas \u00e0 tenter de fa\u00e7on r\u00e9guli\u00e8re la d\u00e9marche.<\/code><\/pre>\n\n\n\n<pre class=\"wp-block-code\"><code>Dans un second temps, vous allez sur votre&nbsp;compte client carrefour.&nbsp;Ensuite, il faut aller dans la rubrique mes avantages fid\u00e9lit\u00e9. Une fois dans cette rubrique, il faut ouvrir la rubrique mes primes fid\u00e9lit\u00e9 et valider les diff\u00e9rentes cat\u00e9gories de produits pour enclencher les primes sur les prochains achats (3 rayons concern\u00e9s \u00e0 valider).<\/code><\/pre>\n\n\n\n<pre class=\"wp-block-code\"><code>Pour finir, il faut d\u00e9rouler le menu pour arriver \u00e0 soutenir mon club de sport. Une barre de recherche s\u2019affiche et il faut saisir le code postal (<strong>69220<\/strong>) afin de trouver le club en question, et donc : \n\"<strong>cyclo tandemiste formidable<\/strong>\" \u00e0 cocher !&nbsp;<\/code><\/pre>\n\n\n\n<p>Une fois cela fait, les cagnottes se mettent en place pour les futurs achats.&nbsp;Vous pourrez voir l&rsquo;avanc\u00e9e de cette cagnotte sur votre compte et connaitre ainsi le r\u00e9sultat pour notre association.<\/p>\n\n\n\n<p>En cas de difficult\u00e9, vous pouvez nous \u00e9crire par mail&nbsp;: ctformidable@orange.fr<\/p>\n\n\n\n<p>Merci \u00e0 tous.<\/p>\n","protected":false},"excerpt":{"rendered":"<p>Bonjour, Carrefour lance un programme dont le CT formidable fait partie, si toutefois vous \u00eates clients, nous vous serions reconnaissants de nous aider, nous vous laissons la marche \u00e0 suivre ci-dessous, merci.Il faut savoir que si vous nous validez, vous gagnerez 10% sur vos achats prime fid\u00e9lit\u00e9. Une fois cela fait, les cagnottes se mettent &hellip; <\/p>\n<p class=\"link-more\"><a href=\"https:\/\/ctformidable.fr\/index.php\/soutenez-le-ct-formidable-en-faisant-vos-courses-chez-carrefour\/\" class=\"more-link\">Lire la suite de<span class=\"screen-reader-text\">\u00ab\u00a0Soutenez le CT Formidable en faisant vos courses chez Carrefour\u00a0\u00bb<\/span><\/a><\/p>\n","protected":false},"author":2,"featured_media":0,"parent":0,"menu_order":0,"comment_status":"closed","ping_status":"closed","template":"","meta":{"_eb_attr":"","footnotes":""},"class_list":["post-1336","page","type-page","status-publish","hentry"],"featured_media_urls":[],"_links":{"self":[{"href":"https:\/\/ctformidable.fr\/index.php\/wp-json\/wp\/v2\/pages\/1336","targetHints":{"allow":["GET"]}}],"collection":[{"href":"https:\/\/ctformidable.fr\/index.php\/wp-json\/wp\/v2\/pages"}],"about":[{"href":"https:\/\/ctformidable.fr\/index.php\/wp-json\/wp\/v2\/types\/page"}],"author":[{"embeddable":true,"href":"https:\/\/ctformidable.fr\/index.php\/wp-json\/wp\/v2\/users\/2"}],"replies":[{"embeddable":true,"href":"https:\/\/ctformidable.fr\/index.php\/wp-json\/wp\/v2\/comments?post=1336"}],"version-history":[{"count":2,"href":"https:\/\/ctformidable.fr\/index.php\/wp-json\/wp\/v2\/pages\/1336\/revisions"}],"predecessor-version":[{"id":1341,"href":"https:\/\/ctformidable.fr\/index.php\/wp-json\/wp\/v2\/pages\/1336\/revisions\/1341"}],"wp:attachment":[{"href":"https:\/\/ctformidable.fr\/index.php\/wp-json\/wp\/v2\/media?parent=1336"}],"curies":[{"name":"wp","href":"https:\/\/api.w.org\/{rel}","templated":true}]}}