{"id":1593,"date":"2026-01-13T17:24:42","date_gmt":"2026-01-13T16:24:42","guid":{"rendered":"https:\/\/ctformidable.fr\/?page_id=1593"},"modified":"2026-04-11T20:54:33","modified_gmt":"2026-04-11T18:54:33","slug":"matinees-cyclistes-en-terre-des-brouilly","status":"publish","type":"page","link":"https:\/\/ctformidable.fr\/index.php\/matinees-cyclistes-en-terre-des-brouilly\/","title":{"rendered":"Matin\u00e9es cyclistes en terre des Brouilly"},"content":{"rendered":"\n<p>Ces matin\u00e9es consistent \u00e0 rendre libre de toute circulation automobile&nbsp;la route menant au sommet du mont Brouilly.<\/p>\n\n\n\n<p>Trois dimanches par an de 7h \u00e0 12h des amoureux de la petite reine pourront rouler en toute s\u00e9curit\u00e9 sur les pentes de notre colline.<\/p>\n\n\n\n<p>Les b\u00e9n\u00e9voles du CT FORMIDABLE attendront les courageux au sommet afin de leur offrir un ravitaillement bien m\u00e9rit\u00e9.<\/p>\n\n\n\n<p><strong>Participation libre et sans engagement<\/strong><\/p>\n\n\n\n<p>Ces matin\u00e9es sont une belle occasion pour r\u00e9aliser notre d\u00e9fi des&nbsp;<strong>Sixphonn\u00e9s du mont Brouilly.<\/strong><\/p>\n\n\n\n<div class=\"wp-block-essential-blocks-advanced-heading  root-eb-advance-heading-exfyp\"><div class=\"eb-parent-wrapper eb-parent-eb-advance-heading-exfyp \"><div class=\"eb-advance-heading-wrapper eb-advance-heading-exfyp preset-2 waviy\" data-id=\"eb-advance-heading-exfyp\"><h2 class=\"eb-ah-title\"><span class=\"first-title\">Calendrier 2026<\/span><\/h2><div class=\"eb-ah-separator icon\"><i icon=\"far fa-calendar\" class=\"far fa-calendar \"><\/i><\/div><\/div><\/div><\/div>\n\n\n\n<div class=\"wp-block-columns is-layout-flex wp-container-core-columns-is-layout-28f84493 wp-block-columns-is-layout-flex\">\n<div class=\"wp-block-column is-layout-flow wp-block-column-is-layout-flow\">\n<div class=\"wp-block-essential-blocks-feature-list  root-eb-feature-list-mhfyp\"><div class=\"eb-parent-wrapper eb-parent-eb-feature-list-mhfyp \"><div class=\"eb-feature-list-mhfyp eb-feature-list-wrapper eb-icon-position-left eb-tablet-icon-position-left eb-mobile-icon-position-left eb-feature-list-left\"><ul class=\"eb-feature-list-items circle stacked\"><li class=\"eb-feature-list-item\" data-new-tab=\"false\" data-icon-type=\"icon\" data-icon=\"fas fa-person-biking\" data-icon-color=\"\" data-icon-background-color=\"\" data-link=\"\" data-show-badge=\"false\" data-badge-text=\"New\" data-badge-text-color=\"\" data-badge-background-color=\"\"><div class=\"eb-feature-list-icon-box\"><div class=\"eb-feature-list-icon-inner \"><span class=\"eb-feature-list-icon\" style=\"color:;background-color:\"><i icon=\"fas fa-person-biking\" class=\"fas fa-person-biking \"><\/i><\/span><\/div><\/div><div class=\"eb-feature-list-content-box\"><div class=\"eb-feature-list-title-wrapper\"><h3 class=\"eb-feature-list-title\">Dimanche 24 Mai 2026<\/h3><\/div><p class=\"eb-feature-list-content\"><\/p><\/div><\/li><li class=\"eb-feature-list-item\" data-new-tab=\"false\" data-icon-type=\"icon\" data-icon=\"fas fa-person-biking\" data-icon-color=\"\" data-icon-background-color=\"\" data-link=\"\" data-show-badge=\"false\" data-badge-text=\"New\" data-badge-text-color=\"\" data-badge-background-color=\"\"><div class=\"eb-feature-list-icon-box\"><div class=\"eb-feature-list-icon-inner \"><span class=\"eb-feature-list-icon\" style=\"color:;background-color:\"><i icon=\"fas fa-person-biking\" class=\"fas fa-person-biking \"><\/i><\/span><\/div><\/div><div class=\"eb-feature-list-content-box\"><div class=\"eb-feature-list-title-wrapper\"><h3 class=\"eb-feature-list-title\">Dimanche 26 Juillet 2026<\/h3><\/div><p class=\"eb-feature-list-content\"><\/p><\/div><\/li><li class=\"eb-feature-list-item\" data-new-tab=\"false\" data-icon-type=\"icon\" data-icon=\"fas fa-person-biking\" data-icon-color=\"\" data-icon-background-color=\"\" data-link=\"\" data-show-badge=\"false\" data-badge-text=\"New\" data-badge-text-color=\"\" data-badge-background-color=\"\"><div class=\"eb-feature-list-icon-box\"><div class=\"eb-feature-list-icon-inner \"><span class=\"eb-feature-list-icon\" style=\"color:;background-color:\"><i icon=\"fas fa-person-biking\" class=\"fas fa-person-biking \"><\/i><\/span><\/div><\/div><div class=\"eb-feature-list-content-box\"><div class=\"eb-feature-list-title-wrapper\"><h3 class=\"eb-feature-list-title\">Dimanche 27 Septembre 2026<\/h3><\/div><p class=\"eb-feature-list-content\"><\/p><\/div><\/li><\/ul><\/div><\/div><\/div>\n<\/div>\n\n\n\n<div class=\"wp-block-column is-vertically-aligned-center is-layout-flow wp-block-column-is-layout-flow\">\n<div class=\"wp-block-essential-blocks-countdown  root-eb-countdown-lksj9\"><div class=\"eb-parent-wrapper eb-parent-eb-countdown-lksj9 \"><div class=\"eb-countdown-lksj9 eb-cd-wrapper preset3\"><div class=\"eb-cd-inner\" blockid=\"eb-countdown-lksj9\" data-deadline-time=\"1779641029000\" data-is-evergreen-time=\"false\" data-evergreen-time-hours=\"11\" data-evergreen-time-minutes=\"59\" data-evergreen-recurring=\"false\" data-evergreen-restart-time=\"0\" data-evergreen-deadline-time=\"1710924365077\"><div class=\"box cd-box-day\"><span class=\"eb-cd-digit\">00<\/span><span class=\"eb-cd-label\">Jours<\/span><\/div><div class=\"box cd-box-hour\"><span class=\"eb-cd-digit\">00<\/span><span class=\"eb-cd-label\">Heures<\/span><\/div><div class=\"box cd-box-minute\"><span class=\"eb-cd-digit\">00<\/span><span class=\"eb-cd-label\">Minutes<\/span><\/div><div class=\"box cd-box-second\"><span class=\"eb-cd-digit\">00<\/span><span class=\"eb-cd-label\">Secondes<\/span><\/div><\/div><\/div><\/div><\/div>\n<\/div>\n<\/div>\n\n\n\n<div class=\"wp-block-essential-blocks-flipbox  root-eb-flipbox-crum1\"><div class=\"eb-parent-wrapper eb-parent-eb-flipbox-crum1 \"><div class=\"eb-flipbox-container eb-flipbox-crum1 eb-flipbox-align-center eb-hover-mode\" data-id=\"eb-flipbox-crum1\" data-flip-type=\"flip-left\" data-flip-mode=\"hover\"><div class=\"eb-flipper flip-left\"><div class=\"eb-flipbox-front\"><div class=\"eb-flipbox-items-container\"><div class=\"eb-flipbox-icon-wrapper\"><div class=\"eb-flipbox-icon-front\" data-icon=\"fas fa-user-group\"><i icon=\"fas fa-user-group\" class=\"fas fa-user-group \"><\/i><\/div><\/div><div class=\"eb-flipbox-front-title-wrapper\"><h3 class=\"eb-flipbox-front-title\">Liste des pr\u00e9c\u00e9dents parrains<\/h3><\/div><\/div><\/div><div class=\"eb-flipbox-back\"><div class=\"eb-flipbox-items-container\"><div class=\"eb-flipbox-icon-wrapper\"><div class=\"eb-flipbox-icon-back\" data-icon=\"fas fa-user-group\"><i icon=\"fas fa-user-group\" class=\"fas fa-user-group \"><\/i><\/div><\/div><div class=\"eb-flipbox-back-title-wrapper\"><h3 class=\"eb-flipbox-back-title\">Parrain 2021 : Cl\u00e9ment Chevrier<br>Parrain 2022 : David Moncouti\u00e9<br>Parrains 2023 : Matteo Vercher et Axel Zingl\u00e9<br>Parrains 2024 : Marion Rolland et Geoffrey Soupe<br>Parrains 2025 : Bernard Thevenet et Rudy Molard<br>Parrains 2026 : Guillaume Martin-Guyonnet et Paul Seixas<\/h3><\/div><div class=\"eb-flipbox-back-content-wrapper\"><p class=\"eb-flipbox-back-content\"><\/p><\/div><\/div><\/div><\/div><\/div><\/div><\/div>\n\n\n\n<div data-wp-interactive=\"core\/file\" class=\"wp-block-file\"><object data-wp-bind--hidden=\"!state.hasPdfPreview\" hidden class=\"wp-block-file__embed\" data=\"https:\/\/ctformidable.fr\/wp-content\/uploads\/2026\/04\/affiche-matinees-2026.pdf\" type=\"application\/pdf\" style=\"width:100%;height:600px\" aria-label=\"Contenu embarqu\u00e9 affiche matin\u00e9es 2026.\"><\/object><a id=\"wp-block-file--media-d24c76bc-d5da-464f-a4ec-201c1c1e54b1\" href=\"https:\/\/ctformidable.fr\/wp-content\/uploads\/2026\/04\/affiche-matinees-2026.pdf\">affiche matin\u00e9es 2026<\/a><a href=\"https:\/\/ctformidable.fr\/wp-content\/uploads\/2026\/04\/affiche-matinees-2026.pdf\" class=\"wp-block-file__button wp-element-button\" download aria-describedby=\"wp-block-file--media-d24c76bc-d5da-464f-a4ec-201c1c1e54b1\">T\u00e9l\u00e9charger<\/a><\/div>\n\n\n\n<figure class=\"wp-block-embed is-type-video is-provider-youtube wp-block-embed-youtube wp-embed-aspect-16-9 wp-has-aspect-ratio\"><div class=\"wp-block-embed__wrapper\">\n<iframe title=\"Matin\u00e9e cycliste du 27 JUILLET 2025\" width=\"950\" height=\"534\" src=\"https:\/\/www.youtube.com\/embed\/Az3D5fTMBIw?feature=oembed\" frameborder=\"0\" allow=\"accelerometer; autoplay; clipboard-write; encrypted-media; gyroscope; picture-in-picture; web-share\" referrerpolicy=\"strict-origin-when-cross-origin\" allowfullscreen><\/iframe>\n<\/div><\/figure>\n","protected":false},"excerpt":{"rendered":"<p>Ces matin\u00e9es consistent \u00e0 rendre libre de toute circulation automobile&nbsp;la route menant au sommet du mont Brouilly. Trois dimanches par an de 7h \u00e0 12h des amoureux de la petite reine pourront rouler en toute s\u00e9curit\u00e9 sur les pentes de notre colline. Les b\u00e9n\u00e9voles du CT FORMIDABLE attendront les courageux au sommet afin de leur &hellip; <\/p>\n<p class=\"link-more\"><a href=\"https:\/\/ctformidable.fr\/index.php\/matinees-cyclistes-en-terre-des-brouilly\/\" class=\"more-link\">Lire la suite de<span class=\"screen-reader-text\">\u00ab\u00a0Matin\u00e9es cyclistes en terre des Brouilly\u00a0\u00bb<\/span><\/a><\/p>\n","protected":false},"author":2,"featured_media":0,"parent":0,"menu_order":0,"comment_status":"closed","ping_status":"closed","template":"","meta":{"_eb_attr":"","footnotes":""},"class_list":["post-1593","page","type-page","status-publish","hentry"],"featured_media_urls":[],"_links":{"self":[{"href":"https:\/\/ctformidable.fr\/index.php\/wp-json\/wp\/v2\/pages\/1593","targetHints":{"allow":["GET"]}}],"collection":[{"href":"https:\/\/ctformidable.fr\/index.php\/wp-json\/wp\/v2\/pages"}],"about":[{"href":"https:\/\/ctformidable.fr\/index.php\/wp-json\/wp\/v2\/types\/page"}],"author":[{"embeddable":true,"href":"https:\/\/ctformidable.fr\/index.php\/wp-json\/wp\/v2\/users\/2"}],"replies":[{"embeddable":true,"href":"https:\/\/ctformidable.fr\/index.php\/wp-json\/wp\/v2\/comments?post=1593"}],"version-history":[{"count":6,"href":"https:\/\/ctformidable.fr\/index.php\/wp-json\/wp\/v2\/pages\/1593\/revisions"}],"predecessor-version":[{"id":1720,"href":"https:\/\/ctformidable.fr\/index.php\/wp-json\/wp\/v2\/pages\/1593\/revisions\/1720"}],"wp:attachment":[{"href":"https:\/\/ctformidable.fr\/index.php\/wp-json\/wp\/v2\/media?parent=1593"}],"curies":[{"name":"wp","href":"https:\/\/api.w.org\/{rel}","templated":true}]}}