{"id":84,"date":"2022-11-26T14:22:35","date_gmt":"2022-11-26T13:22:35","guid":{"rendered":"http:\/\/lpjcbaa.cluster031.hosting.ovh.net\/?page_id=84"},"modified":"2026-01-19T21:21:26","modified_gmt":"2026-01-19T20:21:26","slug":"beaux-portfolios-pour-des-creatifs-exceptionnels","status":"publish","type":"page","link":"https:\/\/ctformidable.fr\/","title":{"rendered":"L&rsquo;association"},"content":{"rendered":"\n<p><\/p>\n\n\n\n<div class=\"wp-block-essential-blocks-slider  root-eb-slider-bc6afi1\"><div class=\"eb-parent-wrapper eb-parent-eb-slider-bc6afi1 eb_animation eb___animated eb___slideInDown\"><div class=\"eb-slider-wrapper eb-slider-bc6afi1\" data-blockid=\"eb-slider-bc6afi1\" data-version=\"v4\" data-settings=\"eyJhcnJvd3MiOnRydWUsImFkYXB0aXZlSGVpZ2h0Ijp0cnVlLCJhdXRvcGxheSI6dHJ1ZSwiYXV0b3BsYXlTcGVlZCI6Njk1OSwiZG90cyI6dHJ1ZSwiZmFkZSI6dHJ1ZSwiaW5maW5pdGUiOnRydWUsInBhdXNlT25Ib3ZlciI6ZmFsc2UsInNsaWRlc1RvU2hvdyI6MSwic3BlZWQiOjEzNTIsInZlcnRpY2FsIjpmYWxzZSwiY3VycmVudFNsaWRlIjowLCJydGwiOmZhbHNlLCJyZXNwb25zaXZlIjpbeyJicmVha3BvaW50IjoxMDI1LCJzZXR0aW5ncyI6eyJzbGlkZXNUb1Nob3ciOjF9fSx7ImJyZWFrcG9pbnQiOjc2Nywic2V0dGluZ3MiOnsic2xpZGVzVG9TaG93IjoxfX1dfQ==\" data-arrownexticon=\"fas fa-arrow-alt-circle-right\" data-arrowprevicon=\"fas fa-arrow-alt-circle-left\" data-lightbox=\"false\"><div class=\"eb-slider-init eb-slider-type-image\"><div class=\"eb-slider-item content-1\" data-src=\"https:\/\/ctformidable.fr\/wp-content\/uploads\/2022\/11\/Slides-p2_bis-2.png\"><div><img class=\"eb-slider-image\" data-lazy=\"https:\/\/ctformidable.fr\/wp-content\/uploads\/2022\/11\/Slides-p2_bis-2.png\"\/><\/div><\/div><div class=\"eb-slider-item content-1\" data-src=\"https:\/\/ctformidable.fr\/wp-content\/uploads\/2022\/11\/Slides-p1_bis-2.png\"><div><img class=\"eb-slider-image\" data-lazy=\"https:\/\/ctformidable.fr\/wp-content\/uploads\/2022\/11\/Slides-p1_bis-2.png\"\/><\/div><\/div><div class=\"eb-slider-item content-1\" data-src=\"https:\/\/ctformidable.fr\/wp-content\/uploads\/2022\/11\/Slides-p3_bis-2.png\"><div><img class=\"eb-slider-image\" data-lazy=\"https:\/\/ctformidable.fr\/wp-content\/uploads\/2022\/11\/Slides-p3_bis-2.png\"\/><\/div><\/div><div class=\"eb-slider-item content-1\" data-src=\"https:\/\/ctformidable.fr\/wp-content\/uploads\/2022\/11\/Slides-p4_Bis-1.png\"><div><img class=\"eb-slider-image\" data-lazy=\"https:\/\/ctformidable.fr\/wp-content\/uploads\/2022\/11\/Slides-p4_Bis-1.png\"\/><\/div><\/div><\/div><\/div><\/div><\/div>\n\n\n\n<hr class=\"wp-block-separator has-alpha-channel-opacity\"\/>\n\n\n\n<div style=\"height:27px\" aria-hidden=\"true\" class=\"wp-block-spacer\"><\/div>\n\n\n\n<p class=\"has-text-align-center has-text-color\" style=\"color:#ff017e\"><strong><strong>Vid\u00e9o de pr\u00e9sentation de l&rsquo;une de nos matin\u00e9es cycliste<\/strong><\/strong>s<\/p>\n\n\n\n<div class=\"wp-block-columns alignfull is-layout-flex wp-container-core-columns-is-layout-28f84493 wp-block-columns-is-layout-flex\">\n<div class=\"wp-block-column is-vertically-aligned-center is-layout-flow wp-block-column-is-layout-flow\" style=\"flex-basis:33.33%\">\n<figure class=\"wp-block-image size-large\"><img decoding=\"async\" src=\"https:\/\/ctformidable.fr\/wp-content\/uploads\/2022\/11\/2_Slide_5_Option2_CTFormidable_MontBrouilly.jpg\" alt=\"\"\/><\/figure>\n\n\n\n<div style=\"height:27px\" aria-hidden=\"true\" class=\"wp-block-spacer\"><\/div>\n\n\n\n<figure class=\"wp-block-image size-large\"><img fetchpriority=\"high\" decoding=\"async\" width=\"1024\" height=\"602\" src=\"https:\/\/ctformidable.fr\/wp-content\/uploads\/2022\/11\/2_Slide_5_P2_CTFormidable_MontBrouilly-1024x602.jpg\" alt=\"\" class=\"wp-image-134\" srcset=\"https:\/\/ctformidable.fr\/wp-content\/uploads\/2022\/11\/2_Slide_5_P2_CTFormidable_MontBrouilly-1024x602.jpg 1024w, https:\/\/ctformidable.fr\/wp-content\/uploads\/2022\/11\/2_Slide_5_P2_CTFormidable_MontBrouilly-500x294.jpg 500w, https:\/\/ctformidable.fr\/wp-content\/uploads\/2022\/11\/2_Slide_5_P2_CTFormidable_MontBrouilly-300x176.jpg 300w, https:\/\/ctformidable.fr\/wp-content\/uploads\/2022\/11\/2_Slide_5_P2_CTFormidable_MontBrouilly-768x451.jpg 768w, https:\/\/ctformidable.fr\/wp-content\/uploads\/2022\/11\/2_Slide_5_P2_CTFormidable_MontBrouilly-1536x903.jpg 1536w, https:\/\/ctformidable.fr\/wp-content\/uploads\/2022\/11\/2_Slide_5_P2_CTFormidable_MontBrouilly.jpg 1759w\" sizes=\"(max-width: 1024px) 100vw, 1024px\" \/><\/figure>\n<\/div>\n\n\n\n<div class=\"wp-block-column is-layout-flow wp-block-column-is-layout-flow\" style=\"flex-basis:66.66%\">\n<figure class=\"wp-block-embed is-type-video is-provider-youtube wp-block-embed-youtube wp-embed-aspect-16-9 wp-has-aspect-ratio\"><div class=\"wp-block-embed__wrapper\">\n<iframe title=\"Matin\u00e9e cycliste du 27 JUILLET 2025\" width=\"950\" height=\"534\" src=\"https:\/\/www.youtube.com\/embed\/Az3D5fTMBIw?feature=oembed\" frameborder=\"0\" allow=\"accelerometer; autoplay; clipboard-write; encrypted-media; gyroscope; picture-in-picture; web-share\" referrerpolicy=\"strict-origin-when-cross-origin\" allowfullscreen><\/iframe>\n<\/div><\/figure>\n<\/div>\n<\/div>\n\n\n\n<hr class=\"wp-block-separator has-alpha-channel-opacity\"\/>\n\n\n\n<p class=\"has-text-align-center has-text-color\" style=\"color:#ff017e\"><strong>UNE RANDONNEE A VELO, MAIS PAS QUE&#8230;<\/strong><\/p>\n\n\n\n<p><strong>Notre ambition <\/strong>en cr\u00e9ant cette randonn\u00e9e est de vous <strong>donner une image compl\u00e8te de la beaut\u00e9 du site du Mont Brouilly.<\/strong> Si son altitude n\u2019est pas des plus \u00e9lev\u00e9es, ses pentes sont de belle facture. Ce site fait partie de la charte de Fontevraud, qui regroupe les plus belles collines viticoles de France et ses panoramas vous couperont le souffle. Essentiellement compos\u00e9 de diorite, aussi appel\u00e9 pierre bleue de Brouilly, notre site g\u00e9ologique est inclus dans le G\u00e9oparc du Beaujolais, reconnu par l\u2019UNESCO en 2018.<\/p>\n\n\n\n<p>Cette randonn\u00e9e est <strong>r\u00e9alis\u00e9e gr\u00e2ce au soutien des diff\u00e9rentes instances viticoles de Brouilly <\/strong>ainsi que des <strong>diff\u00e9rentes institutions repr\u00e9sentant notre R\u00e9publique<\/strong>. <strong>Les six communes du cru Brouilly vous ouvriront leurs portes.<\/strong> Les nombreuses caves durant tout le circuit seront toujours heureuses de vous recevoir. <strong>Vous pourrez admirer neuf ch\u00e2teaux <\/strong>parmi lesquels, le Ch\u00e2teau de La Palud, qui a vu la visite du roi Louis XI, ou le ch\u00e2teau&nbsp; d&rsquo;Arginy, o\u00f9 vous pourrez r\u00eaver au tr\u00e9sor des templiers et du veau d&rsquo;or qui, selon la l\u00e9gende, est enterr\u00e9 sur ce site.&nbsp; Deux BPF sont tr\u00e8s proches, Beaujeu et Vaux en Beaujolais. Un seul col, le col de Brouilly, mais un enchev\u00eatrement de petites routes toutes plus belles les unes que les autres vous permettra toutes les approches possibles pour acc\u00e9der \u00e0 la chapelle de Notre Dame des Raisins situ\u00e9e \u00e0 484 m\u00e8tres d\u2019altitude. <strong>Le panorama qui vous attend <\/strong>\u00e0 la cime vous donnera une vue sur le Val de Sa\u00f4ne, la Dombes, le Bugey et plus au loin les Alpes et le Mont Blanc. Ne soyez pas pr\u00e9tentieux et dites vous qu\u2019il vous faudra de la patience pour gravir six fois les pentes raides de ce mont.<\/p>\n\n\n\n<p>Le Beaujolais est parfois surnomm\u00e9 la Toscane fran\u00e7aise. Un compliment qu\u2019il m\u00e9rite, tant pour ses paysages que pour sa gastronomie, id\u00e9alement accompagn\u00e9e d\u2019un gamay qui flattera vos papilles.<\/p>\n\n\n\n<p class=\"has-text-align-center has-text-color\" style=\"color:#ff017e\"><strong>C.T. FORMIDABLE : UNE BELLE HISTOIRE, UN PRESENT DYNAMIQUE.<\/strong><\/p>\n\n\n\n<p>Le C.T. Formidable a \u00e9t\u00e9 cr\u00e9\u00e9 le 22 novembre 1993 par quelques adeptes du tandem et Cerci\u00e9 a longtemps \u00e9t\u00e9 un site reconnu pour les amateurs de cette singuli\u00e8re monture. Durant 25 ans, le C.T.F. n\u2019a eu de cesse de d\u00e9velopper cette activit\u00e9, organisant de nombreuses manifestations tant en France qu\u2019\u00e0 l\u2019\u00e9tranger.<\/p>\n\n\n\n<p>En 2018, l\u2019association a d\u00e9cid\u00e9 de se consacrer au d\u00e9veloppement du cyclotourisme autour (et au sommet !) du mont Brouilly. L\u2019\u00e9nergie des b\u00e9n\u00e9voles est tourn\u00e9e vers le grand d\u00e9fi des Sixphonn\u00e9s du mont Brouilly et les matin\u00e9es cyclistes des Terres de Brouilly. Randonn\u00e9e permanente et dimanches matin \u00e0 l\u2019abri des moteurs incitent les cyclos de toutes provenances \u00e0 tenter nos multi-ascensions tout en d\u00e9couvrant les beaut\u00e9s et produits de notre r\u00e9gion.<\/p>\n\n\n\n<p>Un partenariat actif avec les F\u00eal\u00e9s du Grand Colombier et les Fadas du Puy Mary permet d\u2019offrir un challenge r\u00e9gional \u00e0 tous nos laur\u00e9ats. C\u00f4t\u00e9 Beaujolais et gr\u00e2ce au bouche \u00e0 oreille et \u00e0 la bonne couverture m\u00e9diatique, ils ont d\u00e9j\u00e0 \u00e9t\u00e9 un millier de candidats \u00e0 s\u2019\u00e9lancer \u00e0 l\u2019assaut de notre ch\u00e8re \u00e9minence vigneronne.<\/p>\n\n\n\n<div style=\"height:19px\" aria-hidden=\"true\" class=\"wp-block-spacer\"><\/div>\n\n\n\n<hr class=\"wp-block-separator has-alpha-channel-opacity\"\/>\n\n\n\n<div style=\"height:31px\" aria-hidden=\"true\" class=\"wp-block-spacer\"><\/div>\n\n\n\n<p class=\"has-text-align-center has-text-color\" style=\"color:#ff017e\"><strong>NOS PARRAINS<\/strong><\/p>\n\n\n\n<div class=\"wp-block-essential-blocks-slider  root-eb-slider-e8pss\"><div class=\"eb-parent-wrapper eb-parent-eb-slider-e8pss \"><div class=\"eb-slider-wrapper eb-slider-e8pss\" data-blockid=\"eb-slider-e8pss\" data-version=\"v4\" data-settings=\"eyJhcnJvd3MiOnRydWUsImFkYXB0aXZlSGVpZ2h0Ijp0cnVlLCJhdXRvcGxheSI6dHJ1ZSwiYXV0b3BsYXlTcGVlZCI6MzAwMCwiZG90cyI6dHJ1ZSwiZmFkZSI6ZmFsc2UsImluZmluaXRlIjp0cnVlLCJwYXVzZU9uSG92ZXIiOnRydWUsInNsaWRlc1RvU2hvdyI6NCwic3BlZWQiOjUwMCwidmVydGljYWwiOmZhbHNlLCJjdXJyZW50U2xpZGUiOjAsInJ0bCI6ZmFsc2UsInJlc3BvbnNpdmUiOlt7ImJyZWFrcG9pbnQiOjEwMjUsInNldHRpbmdzIjp7InNsaWRlc1RvU2hvdyI6NH19LHsiYnJlYWtwb2ludCI6NzY3LCJzZXR0aW5ncyI6eyJzbGlkZXNUb1Nob3ciOjR9fV19\" data-arrownexticon=\"fas fa-arrow-alt-circle-right\" data-arrowprevicon=\"fas fa-arrow-alt-circle-left\" data-lightbox=\"false\"><div class=\"eb-slider-init eb-slider-type-content\"><div class=\"eb-slider-item content-3\" data-src=\"https:\/\/ctformidable.fr\/wp-content\/uploads\/2026\/01\/clement-chevrier.png\"><div><img class=\"eb-slider-image\" data-lazy=\"https:\/\/ctformidable.fr\/wp-content\/uploads\/2026\/01\/clement-chevrier.png\"\/><\/div><div class=\"eb-slider-content align-left\"><h2 class=\"eb-slider-title\">Cl\u00e9ment Chevrier<\/h2><p class=\"eb-slider-subtitle\">Parrain 2021<\/p><div class=\"eb-slider-button-wrapper\"><\/div><\/div><\/div><div class=\"eb-slider-item content-3\" data-src=\"https:\/\/ctformidable.fr\/wp-content\/uploads\/2026\/01\/david-moncoutie.png\"><div><img class=\"eb-slider-image\" data-lazy=\"https:\/\/ctformidable.fr\/wp-content\/uploads\/2026\/01\/david-moncoutie.png\"\/><\/div><div class=\"eb-slider-content align-left\"><h2 class=\"eb-slider-title\">David Moncouti\u00e9<\/h2><p class=\"eb-slider-subtitle\">Parrain 2022<\/p><div class=\"eb-slider-button-wrapper\"><\/div><\/div><\/div><div class=\"eb-slider-item content-3\" data-src=\"https:\/\/ctformidable.fr\/wp-content\/uploads\/2026\/01\/matteo-vercher.png\"><div><img class=\"eb-slider-image\" data-lazy=\"https:\/\/ctformidable.fr\/wp-content\/uploads\/2026\/01\/matteo-vercher.png\"\/><\/div><div class=\"eb-slider-content align-left\"><h2 class=\"eb-slider-title\">Matt\u00e9o Vercher<\/h2><p class=\"eb-slider-subtitle\">Parrain 2023<\/p><div class=\"eb-slider-button-wrapper\"><\/div><\/div><\/div><div class=\"eb-slider-item content-3\" data-src=\"https:\/\/ctformidable.fr\/wp-content\/uploads\/2026\/01\/axel-zingle.png\"><div><img class=\"eb-slider-image\" data-lazy=\"https:\/\/ctformidable.fr\/wp-content\/uploads\/2026\/01\/axel-zingle.png\"\/><\/div><div class=\"eb-slider-content align-left\"><h2 class=\"eb-slider-title\">Axel Zingle<\/h2><p class=\"eb-slider-subtitle\">Parrain 2023<\/p><div class=\"eb-slider-button-wrapper\"><\/div><\/div><\/div><div class=\"eb-slider-item content-3\" data-src=\"https:\/\/ctformidable.fr\/wp-content\/uploads\/2026\/01\/marion-rolland.jpg\"><div><img class=\"eb-slider-image\" data-lazy=\"https:\/\/ctformidable.fr\/wp-content\/uploads\/2026\/01\/marion-rolland.jpg\"\/><\/div><div class=\"eb-slider-content align-left\"><h2 class=\"eb-slider-title\">Marion Rolland<\/h2><p class=\"eb-slider-subtitle\">Parrain 2024<\/p><div class=\"eb-slider-button-wrapper\"><\/div><\/div><\/div><div class=\"eb-slider-item content-3\" data-src=\"https:\/\/ctformidable.fr\/wp-content\/uploads\/2026\/01\/Geoffrey-Soupe-maillot-sixphonnes-1.jpeg\"><div><img class=\"eb-slider-image\" data-lazy=\"https:\/\/ctformidable.fr\/wp-content\/uploads\/2026\/01\/Geoffrey-Soupe-maillot-sixphonnes-1.jpeg\"\/><\/div><div class=\"eb-slider-content align-left\"><h2 class=\"eb-slider-title\">Geoffrey Soupe<\/h2><p class=\"eb-slider-subtitle\">Parrain 2024<\/p><div class=\"eb-slider-button-wrapper\"><\/div><\/div><\/div><div class=\"eb-slider-item content-3\" data-src=\"https:\/\/ctformidable.fr\/wp-content\/uploads\/2026\/01\/rudy-molard.jpg\"><div><img class=\"eb-slider-image\" data-lazy=\"https:\/\/ctformidable.fr\/wp-content\/uploads\/2026\/01\/rudy-molard.jpg\"\/><\/div><div class=\"eb-slider-content align-left\"><h2 class=\"eb-slider-title\">Rudy Molard<\/h2><p class=\"eb-slider-subtitle\">Parrain 2025<\/p><div class=\"eb-slider-button-wrapper\"><\/div><\/div><\/div><div class=\"eb-slider-item content-3\" data-src=\"https:\/\/ctformidable.fr\/wp-content\/uploads\/2026\/01\/bernard-thevenet.jpg\"><div><img class=\"eb-slider-image\" data-lazy=\"https:\/\/ctformidable.fr\/wp-content\/uploads\/2026\/01\/bernard-thevenet.jpg\"\/><\/div><div class=\"eb-slider-content align-left\"><h2 class=\"eb-slider-title\">Bernard Thevenet<\/h2><p class=\"eb-slider-subtitle\">Parrain 2025<\/p><div class=\"eb-slider-button-wrapper\"><\/div><\/div><\/div><div class=\"eb-slider-item content-3\" data-src=\"https:\/\/ctformidable.fr\/wp-content\/uploads\/2026\/01\/guillaume-Martin-en-sixphonnes.jpg\"><div><img class=\"eb-slider-image\" data-lazy=\"https:\/\/ctformidable.fr\/wp-content\/uploads\/2026\/01\/guillaume-Martin-en-sixphonnes.jpg\"\/><\/div><div class=\"eb-slider-content align-left\"><h2 class=\"eb-slider-title\">Guillaume Martin-Guyonnet<\/h2><p class=\"eb-slider-subtitle\">Parrain 2026<\/p><div class=\"eb-slider-button-wrapper\"><\/div><\/div><\/div><div class=\"eb-slider-item content-3\" data-src=\"https:\/\/ctformidable.fr\/wp-content\/uploads\/2026\/01\/Paul-Seixas-maillot-sixphonnes-scaled.jpg\"><div><img class=\"eb-slider-image\" data-lazy=\"https:\/\/ctformidable.fr\/wp-content\/uploads\/2026\/01\/Paul-Seixas-maillot-sixphonnes-scaled.jpg\"\/><\/div><div class=\"eb-slider-content align-left\"><h2 class=\"eb-slider-title\">Paul Seixas<\/h2><p class=\"eb-slider-subtitle\">Parrain 2026<\/p><div class=\"eb-slider-button-wrapper\"><\/div><\/div><\/div><div class=\"eb-slider-item content-3\" data-src=\"https:\/\/ctformidable.fr\/wp-content\/uploads\/2025\/02\/Tonin.jpg\"><div><img class=\"eb-slider-image\" data-lazy=\"https:\/\/ctformidable.fr\/wp-content\/uploads\/2025\/02\/Tonin.jpg\"\/><\/div><div class=\"eb-slider-content align-left\"><h2 class=\"eb-slider-title\">Antonin Rolland<\/h2><p class=\"eb-slider-subtitle\">Parrain d&rsquo;honneur des Sixphonn\u00e9s<\/p><div class=\"eb-slider-button-wrapper\"><\/div><\/div><\/div><\/div><\/div><\/div><\/div>\n\n\n\n<div class=\"wp-block-group alignfull has-background is-layout-flow wp-block-group-is-layout-flow\" style=\"background-color:#b4b8bc;padding-right:var(--wp--preset--spacing--x-small);padding-left:var(--wp--preset--spacing--x-small)\">\n<div class=\"wp-block-columns is-layout-flex wp-container-core-columns-is-layout-e0e4babd wp-block-columns-is-layout-flex\" style=\"padding-right:0;padding-left:0\">\n<div class=\"wp-block-column is-vertically-aligned-center is-layout-flow wp-block-column-is-layout-flow\" style=\"padding-right:var(--wp--preset--spacing--small);padding-left:var(--wp--preset--spacing--small)\">\n<h2 class=\"wp-block-heading\">Contact<\/h2>\n\n\n\n<p class=\"has-black-color has-text-color\" style=\"margin-right:0;margin-left:0\">Vous pouvez nous contacter soit par mail : <a href=\"mailto:ctfromidable@orange.fr\">ctformidable@orange.fr<\/a>, soit par t\u00e9l\u00e9phone au (+33)  6.82.02.16.78, ou  par le biais de notre formulaire en cliquant sur le lien ci-apr\u00e8s<\/p>\n\n\n\n<div class=\"wp-block-buttons is-horizontal is-content-justification-left is-layout-flex wp-container-core-buttons-is-layout-20be11b6 wp-block-buttons-is-layout-flex\">\n<div class=\"wp-block-button is-style-outline is-style-outline--1\"><a class=\"wp-block-button__link wp-element-button\" href=\"https:\/\/ctformidable.fr\/index.php\/formulaire-de-contact\/\">Contactez-Nous<\/a><\/div>\n<\/div>\n<\/div>\n\n\n\n<div class=\"wp-block-column is-layout-flow wp-block-column-is-layout-flow\">\n<figure class=\"wp-block-image size-large\"><img decoding=\"async\" src=\"https:\/\/ctformidable.fr\/wp-content\/uploads\/2022\/11\/cropped-montbrouilly-1024x614.jpg\" alt=\"\"\/><\/figure>\n<\/div>\n<\/div>\n<\/div>\n\n\n\n<div class=\"wp-block-group alignfull is-layout-flow wp-block-group-is-layout-flow\">\n<div class=\"wp-block-columns are-vertically-aligned-center is-layout-flex wp-container-core-columns-is-layout-28f84493 wp-block-columns-is-layout-flex\">\n<div class=\"wp-block-column is-vertically-aligned-center is-layout-flow wp-block-column-is-layout-flow\">\n<figure class=\"wp-block-image size-large\"><img decoding=\"async\" src=\"https:\/\/ctformidable.fr\/wp-content\/uploads\/2022\/11\/14_Slide_25-26-27_P1_Trophee_CTFormidable_MontBrouilly.png\" alt=\"\"\/><\/figure>\n<\/div>\n\n\n\n<div class=\"wp-block-column is-vertically-aligned-center is-layout-flow wp-block-column-is-layout-flow\">\n<h2 class=\"wp-block-heading\">Inscription au Sixphonn\u00e9s du Mont Brouilly<\/h2>\n\n\n\n<p>Vous souhaitez relever notre challenge et rejoindre ainsi notre confr\u00e9rie, alors inscrivez vous d\u00e8s \u00e0 pr\u00e9sent !!!<\/p>\n\n\n\n<div class=\"wp-block-buttons is-layout-flex wp-block-buttons-is-layout-flex\">\n<div class=\"wp-block-button is-style-outline is-style-outline--2\"><a class=\"wp-block-button__link has-white-color has-text-color has-background has-medium-font-size has-custom-font-size wp-element-button\" href=\"https:\/\/ctformidable.fr\/index.php\/bulletin-dinscription-sixphonnes-du-mont-brouilly\/\" style=\"border-radius:20px;background:linear-gradient(135deg,rgb(121,103,255) 0%,rgb(255,176,238) 100%)\">INSCRIPTION<\/a><\/div>\n<\/div>\n<\/div>\n<\/div>\n<\/div>\n\n\n\n<hr class=\"wp-block-separator has-alpha-channel-opacity\"\/>\n\n\n\n<p class=\"has-text-align-center has-medium-font-size\">Nos partenaires vid\u00e9astes<\/p>\n\n\n\n<figure class=\"wp-block-image aligncenter size-large\"><a href=\"https:\/\/www.facebook.com\/profile.php?id=100063660848677\" target=\"_blank\" rel=\"noreferrer noopener\"><img decoding=\"async\" src=\"https:\/\/ctformidable.fr\/wp-content\/uploads\/2022\/11\/Partenaires_ankavideo.jpg\" alt=\"\"\/><\/a><\/figure>\n","protected":false},"excerpt":{"rendered":"<p>Vid\u00e9o de pr\u00e9sentation de l&rsquo;une de nos matin\u00e9es cyclistes UNE RANDONNEE A VELO, MAIS PAS QUE&#8230; Notre ambition en cr\u00e9ant cette randonn\u00e9e est de vous donner une image compl\u00e8te de la beaut\u00e9 du site du Mont Brouilly. Si son altitude n\u2019est pas des plus \u00e9lev\u00e9es, ses pentes sont de belle facture. Ce site fait partie &hellip; <\/p>\n<p class=\"link-more\"><a href=\"https:\/\/ctformidable.fr\/\" class=\"more-link\">Lire la suite de<span class=\"screen-reader-text\">\u00ab\u00a0L&rsquo;association\u00a0\u00bb<\/span><\/a><\/p>\n","protected":false},"author":2,"featured_media":83,"parent":0,"menu_order":0,"comment_status":"closed","ping_status":"closed","template":"page-templates\/homepage-builder-bb.php","meta":{"_eb_attr":"","footnotes":""},"class_list":["post-84","page","type-page","status-publish","has-post-thumbnail","hentry"],"featured_media_urls":{"thumbnail":["https:\/\/ctformidable.fr\/wp-content\/uploads\/2022\/11\/StockSnap_M6D1GS9PSL-6-150x150.jpg",150,150,true],"medium":["https:\/\/ctformidable.fr\/wp-content\/uploads\/2022\/11\/StockSnap_M6D1GS9PSL-6-300x198.jpg",300,198,true],"medium_large":["https:\/\/ctformidable.fr\/wp-content\/uploads\/2022\/11\/StockSnap_M6D1GS9PSL-6-768x506.jpg",768,506,true],"large":["https:\/\/ctformidable.fr\/wp-content\/uploads\/2022\/11\/StockSnap_M6D1GS9PSL-6-1024x674.jpg",950,625,true],"1536x1536":["https:\/\/ctformidable.fr\/wp-content\/uploads\/2022\/11\/StockSnap_M6D1GS9PSL-6-1536x1011.jpg",1536,1011,true],"2048x2048":["https:\/\/ctformidable.fr\/wp-content\/uploads\/2022\/11\/StockSnap_M6D1GS9PSL-6.jpg",2000,1317,false],"inspiro-featured-image":["https:\/\/ctformidable.fr\/wp-content\/uploads\/2022\/11\/StockSnap_M6D1GS9PSL-6.jpg",2000,1317,false],"inspiro-loop":["https:\/\/ctformidable.fr\/wp-content\/uploads\/2022\/11\/StockSnap_M6D1GS9PSL-6-950x320.jpg",950,320,true],"inspiro-loop@2x":["https:\/\/ctformidable.fr\/wp-content\/uploads\/2022\/11\/StockSnap_M6D1GS9PSL-6-1900x640.jpg",1900,640,true],"woocommerce_thumbnail":["https:\/\/ctformidable.fr\/wp-content\/uploads\/2022\/11\/StockSnap_M6D1GS9PSL-6-200x200.jpg",200,200,true],"woocommerce_single":["https:\/\/ctformidable.fr\/wp-content\/uploads\/2022\/11\/StockSnap_M6D1GS9PSL-6-500x329.jpg",500,329,true],"woocommerce_gallery_thumbnail":["https:\/\/ctformidable.fr\/wp-content\/uploads\/2022\/11\/StockSnap_M6D1GS9PSL-6-100x100.jpg",100,100,true],"portfolio_item-thumbnail":["https:\/\/ctformidable.fr\/wp-content\/uploads\/2022\/11\/StockSnap_M6D1GS9PSL-6-600x400.jpg",600,400,true],"portfolio_item-thumbnail@2x":["https:\/\/ctformidable.fr\/wp-content\/uploads\/2022\/11\/StockSnap_M6D1GS9PSL-6-1200x800.jpg",1200,800,true],"portfolio_item-masonry":["https:\/\/ctformidable.fr\/wp-content\/uploads\/2022\/11\/StockSnap_M6D1GS9PSL-6-600x395.jpg",600,395,true],"portfolio_item-masonry@2x":["https:\/\/ctformidable.fr\/wp-content\/uploads\/2022\/11\/StockSnap_M6D1GS9PSL-6-1200x790.jpg",1200,790,true],"portfolio_item-thumbnail_cinema":["https:\/\/ctformidable.fr\/wp-content\/uploads\/2022\/11\/StockSnap_M6D1GS9PSL-6-800x335.jpg",800,335,true],"portfolio_item-thumbnail_portrait":["https:\/\/ctformidable.fr\/wp-content\/uploads\/2022\/11\/StockSnap_M6D1GS9PSL-6-600x900.jpg",600,900,true],"portfolio_item-thumbnail_portrait@2x":["https:\/\/ctformidable.fr\/wp-content\/uploads\/2022\/11\/StockSnap_M6D1GS9PSL-6-1200x1317.jpg",1200,1317,true],"portfolio_item-thumbnail_square":["https:\/\/ctformidable.fr\/wp-content\/uploads\/2022\/11\/StockSnap_M6D1GS9PSL-6-800x800.jpg",800,800,true]},"_links":{"self":[{"href":"https:\/\/ctformidable.fr\/index.php\/wp-json\/wp\/v2\/pages\/84","targetHints":{"allow":["GET"]}}],"collection":[{"href":"https:\/\/ctformidable.fr\/index.php\/wp-json\/wp\/v2\/pages"}],"about":[{"href":"https:\/\/ctformidable.fr\/index.php\/wp-json\/wp\/v2\/types\/page"}],"author":[{"embeddable":true,"href":"https:\/\/ctformidable.fr\/index.php\/wp-json\/wp\/v2\/users\/2"}],"replies":[{"embeddable":true,"href":"https:\/\/ctformidable.fr\/index.php\/wp-json\/wp\/v2\/comments?post=84"}],"version-history":[{"count":178,"href":"https:\/\/ctformidable.fr\/index.php\/wp-json\/wp\/v2\/pages\/84\/revisions"}],"predecessor-version":[{"id":1716,"href":"https:\/\/ctformidable.fr\/index.php\/wp-json\/wp\/v2\/pages\/84\/revisions\/1716"}],"wp:featuredmedia":[{"embeddable":true,"href":"https:\/\/ctformidable.fr\/index.php\/wp-json\/wp\/v2\/media\/83"}],"wp:attachment":[{"href":"https:\/\/ctformidable.fr\/index.php\/wp-json\/wp\/v2\/media?parent=84"}],"curies":[{"name":"wp","href":"https:\/\/api.w.org\/{rel}","templated":true}]}}