{"id":89,"date":"2022-11-26T14:22:35","date_gmt":"2022-11-26T13:22:35","guid":{"rendered":"http:\/\/lpjcbaa.cluster031.hosting.ovh.net\/?page_id=89"},"modified":"2022-12-04T20:42:47","modified_gmt":"2022-12-04T19:42:47","slug":"circuits","status":"publish","type":"page","link":"https:\/\/ctformidable.fr\/index.php\/circuits\/","title":{"rendered":"Circuits"},"content":{"rendered":"\n<p class=\"has-medium-font-size\"><strong>Les circuits par commune et par couleur<\/strong><\/p>\n\n\n\n<p>Toute arriv\u00e9e au sommet du Mont Brouilly implique obligatoirement la descente sur l\u2019autre versant, pour faciliter une progression plus ais\u00e9e un fl\u00e9chage diff\u00e9renci\u00e9 des circuits de chaque commune est mis en place :<\/p>\n\n\n\n<ul class=\"wp-block-list\">\n<li>Cerci\u00e9 : <strong>circuit rose<\/strong> appel\u00e9 circuit de la grume&nbsp;<\/li>\n\n\n\n<li>Charentay : <strong>circuit jaune<\/strong> appel\u00e9 circuit des vendanges<\/li>\n\n\n\n<li>Odenas : <strong>circuit vert<\/strong> appel\u00e9 circuit de la v\u00e9raison<\/li>\n\n\n\n<li>Quinci\u00e9 en Beaujolais : <strong>circuit bleu<\/strong> appel\u00e9 circuit de la fleur<\/li>\n\n\n\n<li>Saint Etienne la Varenne :<strong> circuit violet<\/strong> appel\u00e9 circuit du relevage<\/li>\n\n\n\n<li>Saint Lager : <strong>circuit rouge<\/strong> appel\u00e9 circuit de la taille<\/li>\n\n\n\n<li>Liaison col de Brouilly-Saint Lager pour grade \u00ab C\u00f4te de Brouilly \u00bb <strong>en noir<\/strong><\/li>\n<\/ul>\n\n\n\n<p>Vous pourrez ensuite composer votre parcours selon votre pr\u00e9f\u00e9rence<\/p>\n\n\n\n<p><strong>Ci-dessous, acc\u00e8s \u00e0 Google earth pour pouvoir visualiser l&#8217;emplacement des villages \u00e9tapes<\/strong><\/p>\n\n\n\n<figure class=\"wp-block-image aligncenter size-medium text-align--center is-style-default\"><a href=\"https:\/\/earth.google.com\/earth\/d\/1gsXLs-kKLOnI2TNd_v-oj_o4-J14hVZz?usp=share_link\" target=\"_blank\" rel=\"noopener\"><img fetchpriority=\"high\" decoding=\"async\" width=\"300\" height=\"233\" src=\"https:\/\/ctformidable.fr\/wp-content\/uploads\/2022\/11\/Google-earth_4-300x233.png\" alt=\"\" class=\"wp-image-663\" srcset=\"https:\/\/ctformidable.fr\/wp-content\/uploads\/2022\/11\/Google-earth_4-300x233.png 300w, https:\/\/ctformidable.fr\/wp-content\/uploads\/2022\/11\/Google-earth_4-500x388.png 500w, https:\/\/ctformidable.fr\/wp-content\/uploads\/2022\/11\/Google-earth_4.png 506w\" sizes=\"(max-width: 300px) 100vw, 300px\" \/><\/a><\/figure>\n","protected":false},"excerpt":{"rendered":"<p>Les circuits par commune et par couleur Toute arriv\u00e9e au sommet du Mont Brouilly implique obligatoirement la descente sur l\u2019autre versant, pour faciliter une progression plus ais\u00e9e un fl\u00e9chage diff\u00e9renci\u00e9 des circuits de chaque commune est mis en place : Vous pourrez ensuite composer votre parcours selon votre pr\u00e9f\u00e9rence Ci-dessous, acc\u00e8s \u00e0 Google earth pour &hellip; <\/p>\n<p class=\"link-more\"><a href=\"https:\/\/ctformidable.fr\/index.php\/circuits\/\" class=\"more-link\">Lire la suite de<span class=\"screen-reader-text\">\u00ab\u00a0Circuits\u00a0\u00bb<\/span><\/a><\/p>\n","protected":false},"author":2,"featured_media":0,"parent":0,"menu_order":0,"comment_status":"closed","ping_status":"closed","template":"","meta":{"_eb_attr":"","footnotes":""},"class_list":["post-89","page","type-page","status-publish","hentry"],"featured_media_urls":[],"_links":{"self":[{"href":"https:\/\/ctformidable.fr\/index.php\/wp-json\/wp\/v2\/pages\/89","targetHints":{"allow":["GET"]}}],"collection":[{"href":"https:\/\/ctformidable.fr\/index.php\/wp-json\/wp\/v2\/pages"}],"about":[{"href":"https:\/\/ctformidable.fr\/index.php\/wp-json\/wp\/v2\/types\/page"}],"author":[{"embeddable":true,"href":"https:\/\/ctformidable.fr\/index.php\/wp-json\/wp\/v2\/users\/2"}],"replies":[{"embeddable":true,"href":"https:\/\/ctformidable.fr\/index.php\/wp-json\/wp\/v2\/comments?post=89"}],"version-history":[{"count":19,"href":"https:\/\/ctformidable.fr\/index.php\/wp-json\/wp\/v2\/pages\/89\/revisions"}],"predecessor-version":[{"id":946,"href":"https:\/\/ctformidable.fr\/index.php\/wp-json\/wp\/v2\/pages\/89\/revisions\/946"}],"wp:attachment":[{"href":"https:\/\/ctformidable.fr\/index.php\/wp-json\/wp\/v2\/media?parent=89"}],"curies":[{"name":"wp","href":"https:\/\/api.w.org\/{rel}","templated":true}]}}