{"id":1399,"date":"2024-09-10T08:48:36","date_gmt":"2024-09-10T06:48:36","guid":{"rendered":"https:\/\/ctformidable.fr\/?post_type=product&#038;p=1399"},"modified":"2025-10-21T19:31:10","modified_gmt":"2025-10-21T17:31:10","slug":"livre-passe-ton-tour-tonin","status":"publish","type":"product","link":"https:\/\/ctformidable.fr\/index.php\/produit\/livre-passe-ton-tour-tonin\/","title":{"rendered":"Livre \u00ab\u00a0Passe ton Tour Tonin\u00a0\u00bb"},"content":{"rendered":"<p>7 juillet 1955, Le Havre. Top d\u00e9part du Tour de France.<\/p>\n<p>Louison Bobet, vainqueur des \u00e9ditions 1953 et 1954, champion du monde en titre, est le favori. \u00c0 la t\u00eate de l\u2019\u00e9quipe de France, il peut compter sur un groupe des plus solides.<\/p>\n<p>Parmi ses \u00e9quipiers, celui qu\u2019on appelle simplement Tonin sur les routes du Tour. Coureur de grande classe mais parfaitement r\u00e9sign\u00e9 \u00e0 jouer son r\u00f4le de \u00abserviteur\u00bb de Bobet.<\/p>\n<p>Seulement voil\u00e0, lors de la quatri\u00e8me \u00e9tape, le d\u00e9roulement de la course et ses qualit\u00e9s de coureur font que Tonin s\u2019empare du maillot jaune avec une avance plus que confortable&#8230;<\/p>\n<p>Jean-Paul Savart, journaliste et romancier, est un parfait connaisseur du Tour de France, de ses grandeurs comme de ses d\u00e9rives. Il nous plonge d\u2019embl\u00e9e dans l\u2019ambiance de la Grande Boucle 1955, l\u2019effet de r\u00e9el est saisissant. On se retrouve avec Tonin et les autres dans l\u2019enfer du Nord comme dans celui du Ventoux, avec Jeannine, sa femme rest\u00e9e \u00e0 Villefranche-sur-Sa\u00f4ne ou encore avec ses supporters du Beaujolais et d\u2019ailleurs.<\/p>\n<p>Avec les jours qui s\u2019\u00e9gr\u00e8nent, Louison Bobet commence \u00e0 douter et Tonin \u00e0 y croire. Et si c\u2019\u00e9tait vrai ? Et si la victoire voulait bien enfin lui ouvrir la barri\u00e8re ?<\/p>\n<p>Passe ton Tour Tonin est \u00e9galement un hommage \u00e0 Antonin Rolland, doyen des porteurs du maillot jaune.<\/p>\n<p>&nbsp;<\/p>\n<p><img fetchpriority=\"high\" decoding=\"async\" class=\"alignnone size-medium wp-image-1401\" src=\"https:\/\/ctformidable.fr\/wp-content\/uploads\/2024\/09\/Pae-ton-Tour-Tonin-210x300.jpg\" alt=\"\" width=\"210\" height=\"300\" srcset=\"https:\/\/ctformidable.fr\/wp-content\/uploads\/2024\/09\/Pae-ton-Tour-Tonin-210x300.jpg 210w, https:\/\/ctformidable.fr\/wp-content\/uploads\/2024\/09\/Pae-ton-Tour-Tonin.jpg 400w\" sizes=\"(max-width: 210px) 100vw, 210px\" \/><img decoding=\"async\" class=\"alignnone size-medium wp-image-1400\" src=\"https:\/\/ctformidable.fr\/wp-content\/uploads\/2024\/09\/Pae-ton-Tour-Tonin-1-210x300.jpg\" alt=\"\" width=\"210\" height=\"300\" srcset=\"https:\/\/ctformidable.fr\/wp-content\/uploads\/2024\/09\/Pae-ton-Tour-Tonin-1-210x300.jpg 210w, https:\/\/ctformidable.fr\/wp-content\/uploads\/2024\/09\/Pae-ton-Tour-Tonin-1.jpg 500w\" sizes=\"(max-width: 210px) 100vw, 210px\" \/><\/p>\n","protected":false},"excerpt":{"rendered":"<p>roman sur Antonin Rolland<\/p>\n","protected":false},"featured_media":1401,"comment_status":"open","ping_status":"closed","template":"","meta":{"_eb_attr":""},"product_brand":[],"product_cat":[17],"product_tag":[],"class_list":{"0":"post-1399","1":"product","2":"type-product","3":"status-publish","4":"has-post-thumbnail","6":"product_cat-non-classe","8":"first","9":"instock","10":"shipping-taxable","11":"purchasable","12":"product-type-simple"},"featured_media_urls":{"thumbnail":["https:\/\/ctformidable.fr\/wp-content\/uploads\/2024\/09\/Pae-ton-Tour-Tonin-150x150.jpg",150,150,true],"medium":["https:\/\/ctformidable.fr\/wp-content\/uploads\/2024\/09\/Pae-ton-Tour-Tonin-210x300.jpg",210,300,true],"medium_large":["https:\/\/ctformidable.fr\/wp-content\/uploads\/2024\/09\/Pae-ton-Tour-Tonin.jpg",400,571,false],"large":["https:\/\/ctformidable.fr\/wp-content\/uploads\/2024\/09\/Pae-ton-Tour-Tonin.jpg",400,571,false],"1536x1536":["https:\/\/ctformidable.fr\/wp-content\/uploads\/2024\/09\/Pae-ton-Tour-Tonin.jpg",400,571,false],"2048x2048":["https:\/\/ctformidable.fr\/wp-content\/uploads\/2024\/09\/Pae-ton-Tour-Tonin.jpg",400,571,false],"inspiro-featured-image":["https:\/\/ctformidable.fr\/wp-content\/uploads\/2024\/09\/Pae-ton-Tour-Tonin.jpg",400,571,false],"inspiro-loop":["https:\/\/ctformidable.fr\/wp-content\/uploads\/2024\/09\/Pae-ton-Tour-Tonin-400x320.jpg",400,320,true],"inspiro-loop@2x":["https:\/\/ctformidable.fr\/wp-content\/uploads\/2024\/09\/Pae-ton-Tour-Tonin.jpg",400,571,false],"woocommerce_thumbnail":["https:\/\/ctformidable.fr\/wp-content\/uploads\/2024\/09\/Pae-ton-Tour-Tonin-200x200.jpg",200,200,true],"woocommerce_single":["https:\/\/ctformidable.fr\/wp-content\/uploads\/2024\/09\/Pae-ton-Tour-Tonin.jpg",400,571,false],"woocommerce_gallery_thumbnail":["https:\/\/ctformidable.fr\/wp-content\/uploads\/2024\/09\/Pae-ton-Tour-Tonin-100x100.jpg",100,100,true],"portfolio_item-thumbnail":["https:\/\/ctformidable.fr\/wp-content\/uploads\/2024\/09\/Pae-ton-Tour-Tonin-400x400.jpg",400,400,true],"portfolio_item-thumbnail@2x":["https:\/\/ctformidable.fr\/wp-content\/uploads\/2024\/09\/Pae-ton-Tour-Tonin.jpg",400,571,false],"portfolio_item-masonry":["https:\/\/ctformidable.fr\/wp-content\/uploads\/2024\/09\/Pae-ton-Tour-Tonin.jpg",400,571,false],"portfolio_item-masonry@2x":["https:\/\/ctformidable.fr\/wp-content\/uploads\/2024\/09\/Pae-ton-Tour-Tonin.jpg",400,571,false],"portfolio_item-thumbnail_cinema":["https:\/\/ctformidable.fr\/wp-content\/uploads\/2024\/09\/Pae-ton-Tour-Tonin-400x335.jpg",400,335,true],"portfolio_item-thumbnail_portrait":["https:\/\/ctformidable.fr\/wp-content\/uploads\/2024\/09\/Pae-ton-Tour-Tonin.jpg",400,571,false],"portfolio_item-thumbnail_portrait@2x":["https:\/\/ctformidable.fr\/wp-content\/uploads\/2024\/09\/Pae-ton-Tour-Tonin.jpg",400,571,false],"portfolio_item-thumbnail_square":["https:\/\/ctformidable.fr\/wp-content\/uploads\/2024\/09\/Pae-ton-Tour-Tonin.jpg",400,571,false]},"_links":{"self":[{"href":"https:\/\/ctformidable.fr\/index.php\/wp-json\/wp\/v2\/product\/1399","targetHints":{"allow":["GET"]}}],"collection":[{"href":"https:\/\/ctformidable.fr\/index.php\/wp-json\/wp\/v2\/product"}],"about":[{"href":"https:\/\/ctformidable.fr\/index.php\/wp-json\/wp\/v2\/types\/product"}],"replies":[{"embeddable":true,"href":"https:\/\/ctformidable.fr\/index.php\/wp-json\/wp\/v2\/comments?post=1399"}],"version-history":[{"count":3,"href":"https:\/\/ctformidable.fr\/index.php\/wp-json\/wp\/v2\/product\/1399\/revisions"}],"predecessor-version":[{"id":1419,"href":"https:\/\/ctformidable.fr\/index.php\/wp-json\/wp\/v2\/product\/1399\/revisions\/1419"}],"wp:featuredmedia":[{"embeddable":true,"href":"https:\/\/ctformidable.fr\/index.php\/wp-json\/wp\/v2\/media\/1401"}],"wp:attachment":[{"href":"https:\/\/ctformidable.fr\/index.php\/wp-json\/wp\/v2\/media?parent=1399"}],"wp:term":[{"taxonomy":"product_brand","embeddable":true,"href":"https:\/\/ctformidable.fr\/index.php\/wp-json\/wp\/v2\/product_brand?post=1399"},{"taxonomy":"product_cat","embeddable":true,"href":"https:\/\/ctformidable.fr\/index.php\/wp-json\/wp\/v2\/product_cat?post=1399"},{"taxonomy":"product_tag","embeddable":true,"href":"https:\/\/ctformidable.fr\/index.php\/wp-json\/wp\/v2\/product_tag?post=1399"}],"curies":[{"name":"wp","href":"https:\/\/api.w.org\/{rel}","templated":true}]}}